{"id":1464,"date":"2024-11-28T10:09:47","date_gmt":"2024-11-28T09:09:47","guid":{"rendered":"https:\/\/passage-morillons.ch\/accueil-v2-2\/"},"modified":"2026-05-05T15:27:34","modified_gmt":"2026-05-05T13:27:34","slug":"accueil-v2-2","status":"publish","type":"page","link":"https:\/\/passage-morillons.ch\/en\/","title":{"rendered":"Accueil &#8211; V2"},"content":{"rendered":"","protected":false},"excerpt":{"rendered":"","protected":false},"author":1,"featured_media":0,"parent":0,"menu_order":0,"comment_status":"closed","ping_status":"closed","template":"page-accueil-v2.php","meta":{"footnotes":""},"class_list":["post-1464","page","type-page","status-publish","hentry"],"acf":[],"yoast_head":"<!-- This site is optimized with the Yoast SEO plugin v20.13 - https:\/\/yoast.com\/wordpress\/plugins\/seo\/ -->\n<title>Passage Morillons - Nouvel \u00e9crin au coeur des Nations<\/title>\n<meta name=\"description\" content=\"Passage Morillons s&#039;annonce comme le nouveau p\u00f4le dynamique du quartier des Nations. Surfaces de bureaux et arcades commerciales \u00e0 louer.\" \/>\n<meta name=\"robots\" content=\"index, follow, max-snippet:-1, max-image-preview:large, max-video-preview:-1\" \/>\n<link rel=\"canonical\" href=\"https:\/\/passage-morillons.ch\/en\/\" \/>\n<meta property=\"og:locale\" content=\"en_US\" \/>\n<meta property=\"og:type\" content=\"article\" \/>\n<meta property=\"og:title\" content=\"Passage Morillons - Nouvel \u00e9crin au coeur des Nations\" \/>\n<meta property=\"og:description\" content=\"Passage Morillons s&#039;annonce comme le nouveau p\u00f4le dynamique du quartier des Nations. Surfaces de bureaux et arcades commerciales \u00e0 louer.\" \/>\n<meta property=\"og:url\" content=\"https:\/\/passage-morillons.ch\/en\/\" \/>\n<meta property=\"og:site_name\" content=\"Passage Morillons\" \/>\n<meta property=\"article:modified_time\" content=\"2026-05-05T13:27:34+00:00\" \/>\n<meta name=\"twitter:card\" content=\"summary_large_image\" \/>\n<script type=\"application\/ld+json\" class=\"yoast-schema-graph\">{\"@context\":\"https:\/\/schema.org\",\"@graph\":[{\"@type\":[\"WebPage\",\"AboutPage\"],\"@id\":\"https:\/\/passage-morillons.ch\/en\/\",\"url\":\"https:\/\/passage-morillons.ch\/en\/\",\"name\":\"Passage Morillons - Nouvel \u00e9crin au coeur des Nations\",\"isPartOf\":{\"@id\":\"https:\/\/passage-morillons.ch\/en\/#website\"},\"datePublished\":\"2024-11-28T09:09:47+00:00\",\"dateModified\":\"2026-05-05T13:27:34+00:00\",\"description\":\"Passage Morillons s'annonce comme le nouveau p\u00f4le dynamique du quartier des Nations. Surfaces de bureaux et arcades commerciales \u00e0 louer.\",\"breadcrumb\":{\"@id\":\"https:\/\/passage-morillons.ch\/en\/#breadcrumb\"},\"inLanguage\":\"en-US\",\"potentialAction\":[{\"@type\":\"ReadAction\",\"target\":[\"https:\/\/passage-morillons.ch\/en\/\"]}]},{\"@type\":\"BreadcrumbList\",\"@id\":\"https:\/\/passage-morillons.ch\/en\/#breadcrumb\",\"itemListElement\":[{\"@type\":\"ListItem\",\"position\":1,\"name\":\"Accueil\",\"item\":\"https:\/\/passage-morillons.ch\/en\/\"},{\"@type\":\"ListItem\",\"position\":2,\"name\":\"Accueil &#8211; V2\"}]},{\"@type\":\"WebSite\",\"@id\":\"https:\/\/passage-morillons.ch\/en\/#website\",\"url\":\"https:\/\/passage-morillons.ch\/en\/\",\"name\":\"Passage Morillons\",\"description\":\"Nouvel \u00e9crin au coeur des Nations\",\"potentialAction\":[{\"@type\":\"SearchAction\",\"target\":{\"@type\":\"EntryPoint\",\"urlTemplate\":\"https:\/\/passage-morillons.ch\/en\/?s={search_term_string}\"},\"query-input\":\"required name=search_term_string\"}],\"inLanguage\":\"en-US\"},{\"@type\":\"Person\",\"@id\":\"https:\/\/passage-morillons.ch\/en\/#\/schema\/person\/9a50e82021da0a57231ad139c43cc15c\",\"name\":\"igeneve\",\"image\":{\"@type\":\"ImageObject\",\"inLanguage\":\"en-US\",\"@id\":\"https:\/\/passage-morillons.ch\/en\/#\/schema\/person\/image\/\",\"url\":\"https:\/\/secure.gravatar.com\/avatar\/fb1985708e8f9354a2a6fb619edb42a48d878dc5a3093a9857eed543a63852a6?s=96&d=mm&r=g\",\"contentUrl\":\"https:\/\/secure.gravatar.com\/avatar\/fb1985708e8f9354a2a6fb619edb42a48d878dc5a3093a9857eed543a63852a6?s=96&d=mm&r=g\",\"caption\":\"igeneve\"},\"sameAs\":[\"http:\/\/passage-morillons.ch\"],\"url\":\"https:\/\/passage-morillons.ch\/en\/author\/igeneve\/\"}]}<\/script>\n<!-- \/ Yoast SEO plugin. -->","yoast_head_json":{"title":"Passage Morillons - Nouvel \u00e9crin au coeur des Nations","description":"Passage Morillons s'annonce comme le nouveau p\u00f4le dynamique du quartier des Nations. Surfaces de bureaux et arcades commerciales \u00e0 louer.","robots":{"index":"index","follow":"follow","max-snippet":"max-snippet:-1","max-image-preview":"max-image-preview:large","max-video-preview":"max-video-preview:-1"},"canonical":"https:\/\/passage-morillons.ch\/en\/","og_locale":"en_US","og_type":"article","og_title":"Passage Morillons - Nouvel \u00e9crin au coeur des Nations","og_description":"Passage Morillons s'annonce comme le nouveau p\u00f4le dynamique du quartier des Nations. Surfaces de bureaux et arcades commerciales \u00e0 louer.","og_url":"https:\/\/passage-morillons.ch\/en\/","og_site_name":"Passage Morillons","article_modified_time":"2026-05-05T13:27:34+00:00","twitter_card":"summary_large_image","schema":{"@context":"https:\/\/schema.org","@graph":[{"@type":["WebPage","AboutPage"],"@id":"https:\/\/passage-morillons.ch\/en\/","url":"https:\/\/passage-morillons.ch\/en\/","name":"Passage Morillons - Nouvel \u00e9crin au coeur des Nations","isPartOf":{"@id":"https:\/\/passage-morillons.ch\/en\/#website"},"datePublished":"2024-11-28T09:09:47+00:00","dateModified":"2026-05-05T13:27:34+00:00","description":"Passage Morillons s'annonce comme le nouveau p\u00f4le dynamique du quartier des Nations. Surfaces de bureaux et arcades commerciales \u00e0 louer.","breadcrumb":{"@id":"https:\/\/passage-morillons.ch\/en\/#breadcrumb"},"inLanguage":"en-US","potentialAction":[{"@type":"ReadAction","target":["https:\/\/passage-morillons.ch\/en\/"]}]},{"@type":"BreadcrumbList","@id":"https:\/\/passage-morillons.ch\/en\/#breadcrumb","itemListElement":[{"@type":"ListItem","position":1,"name":"Accueil","item":"https:\/\/passage-morillons.ch\/en\/"},{"@type":"ListItem","position":2,"name":"Accueil &#8211; V2"}]},{"@type":"WebSite","@id":"https:\/\/passage-morillons.ch\/en\/#website","url":"https:\/\/passage-morillons.ch\/en\/","name":"Passage Morillons","description":"Nouvel \u00e9crin au coeur des Nations","potentialAction":[{"@type":"SearchAction","target":{"@type":"EntryPoint","urlTemplate":"https:\/\/passage-morillons.ch\/en\/?s={search_term_string}"},"query-input":"required name=search_term_string"}],"inLanguage":"en-US"},{"@type":"Person","@id":"https:\/\/passage-morillons.ch\/en\/#\/schema\/person\/9a50e82021da0a57231ad139c43cc15c","name":"igeneve","image":{"@type":"ImageObject","inLanguage":"en-US","@id":"https:\/\/passage-morillons.ch\/en\/#\/schema\/person\/image\/","url":"https:\/\/secure.gravatar.com\/avatar\/fb1985708e8f9354a2a6fb619edb42a48d878dc5a3093a9857eed543a63852a6?s=96&d=mm&r=g","contentUrl":"https:\/\/secure.gravatar.com\/avatar\/fb1985708e8f9354a2a6fb619edb42a48d878dc5a3093a9857eed543a63852a6?s=96&d=mm&r=g","caption":"igeneve"},"sameAs":["http:\/\/passage-morillons.ch"],"url":"https:\/\/passage-morillons.ch\/en\/author\/igeneve\/"}]}},"_links":{"self":[{"href":"https:\/\/passage-morillons.ch\/en\/wp-json\/wp\/v2\/pages\/1464","targetHints":{"allow":["GET"]}}],"collection":[{"href":"https:\/\/passage-morillons.ch\/en\/wp-json\/wp\/v2\/pages"}],"about":[{"href":"https:\/\/passage-morillons.ch\/en\/wp-json\/wp\/v2\/types\/page"}],"author":[{"embeddable":true,"href":"https:\/\/passage-morillons.ch\/en\/wp-json\/wp\/v2\/users\/1"}],"replies":[{"embeddable":true,"href":"https:\/\/passage-morillons.ch\/en\/wp-json\/wp\/v2\/comments?post=1464"}],"version-history":[{"count":49,"href":"https:\/\/passage-morillons.ch\/en\/wp-json\/wp\/v2\/pages\/1464\/revisions"}],"predecessor-version":[{"id":13060,"href":"https:\/\/passage-morillons.ch\/en\/wp-json\/wp\/v2\/pages\/1464\/revisions\/13060"}],"wp:attachment":[{"href":"https:\/\/passage-morillons.ch\/en\/wp-json\/wp\/v2\/media?parent=1464"}],"curies":[{"name":"wp","href":"https:\/\/api.w.org\/{rel}","templated":true}]}}